{"id":94,"date":"2018-08-26T23:14:34","date_gmt":"2018-08-26T21:14:34","guid":{"rendered":"https:\/\/tb.punti.ch\/wp\/?page_id=94"},"modified":"2025-07-06T16:17:30","modified_gmt":"2025-07-06T14:17:30","slug":"sicherheit","status":"publish","type":"page","link":"https:\/\/www.thunderbolt.ch\/?page_id=94","title":{"rendered":"Sicherheit"},"content":{"rendered":"<p>Unser Vereinsleben ist von geselliger, zwangloser Natur. Zu unseren Schiessanl\u00e4ssen besteht weder Anmelde- noch Abmeldepflicht. Die ganze Organisation beruht auf Freiwilligkeit.<br \/>\nMit einer rigorosen Ausnahme:<br \/>\nDem Sicherheitsaspekt wird gr\u00f6sste Beachtung geschenkt!<br \/>\nDie Mitglieder werden angehalten, sich gegenseitig auf unachtsames Verhalten und sicherheitswidrige Manipulationen an Waffen oder Munition aufmerksam zu machen.<\/p>\n<p>Dar\u00fcberhinaus werden die Programme so ausgelegt, dass zu keiner Zeit weder der Sch\u00fctze, noch weitere unbeteiligte Personen oder die benutzte Infrastruktur gef\u00e4hrdet werden k\u00f6nnen.<\/p>\n<p>Die dazu abgefassten und f\u00fcr jedes Mitglied obligatorischen Sicherheitsvorschriften k\u00f6nnen heruntergeladen werden:\u00a0<a href=\"http:\/\/www.thunderbolt.ch\/wp-content\/uploads\/Vorschrift_Sicherheit_25.pdf\">Thunderbolt Sicherheitsvorschriften (PDF)<\/a><\/p>\n<p>Die allgemeinen Sicherheitsvorschriften und Verhaltensregeln aller Mitglieder &#8211; Unser Ehren-Kodex!<\/p>\n<p>Die sichere Handhabung von Pistolen,<br \/>\nsowohl mit Sicherungshebel als auch mit Entspannhebel.<\/p>\n<p>&nbsp;<\/p>\n","protected":false},"excerpt":{"rendered":"<p>Unser Vereinsleben ist von geselliger, zwangloser Natur. Zu unseren Schiessanl\u00e4ssen besteht weder Anmelde- noch Abmeldepflicht. Die ganze Organisation beruht auf Freiwilligkeit. Mit einer rigorosen Ausnahme: Dem Sicherheitsaspekt wird gr\u00f6sste Beachtung geschenkt! Die Mitglieder werden angehalten, sich gegenseitig auf unachtsames Verhalten und sicherheitswidrige Manipulationen an Waffen oder Munition aufmerksam zu machen. Dar\u00fcberhinaus werden die Programme so [&hellip;]<\/p>\n","protected":false},"author":1,"featured_media":0,"parent":8,"menu_order":2,"comment_status":"closed","ping_status":"closed","template":"","meta":{"footnotes":""},"class_list":["post-94","page","type-page","status-publish","czr-hentry"],"_links":{"self":[{"href":"https:\/\/www.thunderbolt.ch\/index.php?rest_route=\/wp\/v2\/pages\/94","targetHints":{"allow":["GET"]}}],"collection":[{"href":"https:\/\/www.thunderbolt.ch\/index.php?rest_route=\/wp\/v2\/pages"}],"about":[{"href":"https:\/\/www.thunderbolt.ch\/index.php?rest_route=\/wp\/v2\/types\/page"}],"author":[{"embeddable":true,"href":"https:\/\/www.thunderbolt.ch\/index.php?rest_route=\/wp\/v2\/users\/1"}],"replies":[{"embeddable":true,"href":"https:\/\/www.thunderbolt.ch\/index.php?rest_route=%2Fwp%2Fv2%2Fcomments&post=94"}],"version-history":[{"count":2,"href":"https:\/\/www.thunderbolt.ch\/index.php?rest_route=\/wp\/v2\/pages\/94\/revisions"}],"predecessor-version":[{"id":298,"href":"https:\/\/www.thunderbolt.ch\/index.php?rest_route=\/wp\/v2\/pages\/94\/revisions\/298"}],"up":[{"embeddable":true,"href":"https:\/\/www.thunderbolt.ch\/index.php?rest_route=\/wp\/v2\/pages\/8"}],"wp:attachment":[{"href":"https:\/\/www.thunderbolt.ch\/index.php?rest_route=%2Fwp%2Fv2%2Fmedia&parent=94"}],"curies":[{"name":"wp","href":"https:\/\/api.w.org\/{rel}","templated":true}]}}